{"id":231,"date":"2025-01-13T10:59:30","date_gmt":"2025-01-13T10:59:30","guid":{"rendered":"https:\/\/youronlinehypnosis.com\/hipnoza-na-rzucenie-palenia\/"},"modified":"2025-01-19T10:35:25","modified_gmt":"2025-01-19T10:35:25","slug":"hipnoza-na-rzucenie-palenia","status":"publish","type":"page","link":"https:\/\/youronlinehypnosis.com\/pl\/hipnoza-na-rzucenie-palenia\/","title":{"rendered":"Hipnoza na rzucenie palenia"},"content":{"rendered":"<div class=\"wpb-content-wrapper\"><p>[vc_row full_width=&#8221;stretch_row&#8221; css=&#8221;.vc_custom_1736783099722{padding-top: 30px !important;padding-bottom: 30px !important;background-image: url(https:\/\/youronlinehypnosis.com\/wp-content\/uploads\/2025\/01\/HG1.jpg?id=102) !important;background-position: center !important;background-repeat: no-repeat !important;background-size: cover !important;}&#8221;][vc_column][vc_separator color=&#8221;custom&#8221; border_width=&#8221;2&#8243; el_width=&#8221;30&#8243; css=&#8221;&#8221; accent_color=&#8221;#CCB4CC&#8221;][vc_column_text css=&#8221;&#8221;]<\/p>\n<h1 style=\"text-align: center;\"><span style=\"color: #ffffff;\">Odzwyczajanie od palenia<\/span><\/h1>\n<p>[\/vc_column_text][vc_separator color=&#8221;custom&#8221; border_width=&#8221;2&#8243; el_width=&#8221;30&#8243; css=&#8221;&#8221; accent_color=&#8221;#CCB4CC&#8221;][\/vc_column][\/vc_row][vc_row full_width=&#8221;stretch_row&#8221; gap=&#8221;30&#8243; css=&#8221;.vc_custom_1736781740139{padding-top: 50px !important;padding-bottom: 50px !important;background-color: #FFFAFA !important;}&#8221;][vc_column width=&#8221;1\/3&#8243;][vc_separator color=&#8221;custom&#8221; align=&#8221;align_left&#8221; border_width=&#8221;2&#8243; el_width=&#8221;50&#8243; css=&#8221;&#8221; accent_color=&#8221;#CCB4CC&#8221;][vc_column_text css=&#8221;&#8221;]<\/p>\n<h2>Twoja sytuacja<\/h2>\n<h5>Czy te wyzwania brzmi\u0105 znajomo?<\/h5>\n<p>[\/vc_column_text][\/vc_column][vc_column width=&#8221;2\/3&#8243;][vc_column_text css=&#8221;&#8221;]Chcesz rzuci\u0107 palenie, ale nie mo\u017cesz?<\/p>\n<p>Ci\u0105gle powtarzasz sobie, \u017ce rzucisz palenie, ale nie udaje ci si\u0119 to zbyt d\u0142ugo?<\/p>\n<p>Nie chcesz wydawa\u0107 tych wszystkich pieni\u0119dzy na papierosy, ale wolisz je oszcz\u0119dza\u0107 &#8211; ale wci\u0105\u017c kupujesz paczk\u0119 za paczk\u0105?<\/p>\n<p>Czy odczuwasz ju\u017c negatywne skutki dla swojego cia\u0142a, takie jak zadyszka podczas wchodzenia po schodach?<\/p>\n<p>\u2717 Czy nie mo\u017cesz ju\u017c znie\u015b\u0107 zapachu i siebie jako palacza?[\/vc_column_text][\/vc_column][\/vc_row][vc_row gap=&#8221;30&#8243; content_placement=&#8221;middle&#8221; css=&#8221;.vc_custom_1736781925273{padding-top: 50px !important;padding-bottom: 50px !important;}&#8221;][vc_column width=&#8221;1\/2&#8243;][vc_single_image image=&#8221;59&#8243; img_size=&#8221;full&#8221; alignment=&#8221;center&#8221; css=&#8221;&#8221;][\/vc_column][vc_column width=&#8221;1\/2&#8243;][vc_column_text css=&#8221;&#8221;]<\/p>\n<h2>Wprowadzanie zmian za pomoc\u0105 hipnozy<\/h2>\n<h5>Zr\u00f3b pierwszy krok w kierunku zdrowszego i l\u017cejszego codziennego \u017cycia dzi\u0119ki hipnozie<\/h5>\n<p>[\/vc_column_text][vc_separator color=&#8221;custom&#8221; align=&#8221;align_left&#8221; border_width=&#8221;2&#8243; el_width=&#8221;50&#8243; css=&#8221;&#8221; accent_color=&#8221;#CCB4CC&#8221;][vc_column_text css=&#8221;&#8221;]Z pomoc\u0105 hipnozy mo\u017cesz to zrobi\u0107:<\/p>\n<p>Rozpoznawanie i rozpuszczanie negatywnego nastawienia.<\/p>\n<p>Dekodowanie i zmiana negatywnych wzorc\u00f3w zachowa\u0144<\/p>\n<p>Ustanowienie nowych, \u015bwiadomych i wzmacniaj\u0105cych wzorc\u00f3w zachowa\u0144.<\/p>\n<p>Osi\u0105ganie cel\u00f3w z wi\u0119ksz\u0105 \u0142atwo\u015bci\u0105 i konsekwencj\u0105[\/vc_column_text][\/vc_column][\/vc_row][vc_row full_width=&#8221;stretch_row&#8221; css=&#8221;.vc_custom_1736781963340{padding-top: 50px !important;padding-bottom: 50px !important;background-color: #CCB4CC !important;}&#8221;][vc_column][vc_column_text css=&#8221;&#8221;]<\/p>\n<h2 style=\"text-align: center;\">Moja oferta dla Ciebie<\/h2>\n<h5 style=\"text-align: center;\">Indywidualna hipnoza<\/h5>\n<p>[\/vc_column_text][vc_row_inner][vc_column_inner width=&#8221;1\/4&#8243;][\/vc_column_inner][vc_column_inner width=&#8221;1\/2&#8243; css=&#8221;.vc_custom_1736782036588{background-color: #FFFFFF !important;border-radius: 5px !important;}&#8221;][vc_column_text css=&#8221;&#8221;]<\/p>\n<h3 style=\"text-align: center;\">Odzwyczajanie od palenia<\/h3>\n<h5 style=\"text-align: center;\">\u017bycie bez dymu tytoniowego<\/h5>\n<p>[\/vc_column_text][vc_separator color=&#8221;custom&#8221; border_width=&#8221;2&#8243; el_width=&#8221;50&#8243; css=&#8221;&#8221; accent_color=&#8221;#CCB4CC&#8221;][vc_column_text css=&#8221;&#8221;]<\/p>\n<div class=\"wpb_text_column wpb_content_element\">\n<div class=\"wpb_wrapper\">\n<p style=\"text-align: center;\"><em>Jest to zawarte w pakiecie<\/em><\/p>\n<p style=\"text-align: center;\">\n<p> \u2713 wst\u0119pna analiza, 60 min (warto\u015b\u0107 49,99 \u20ac) \u2713 2 x 1,5-godzinna sesja hipnozy \u2713 jedna sesja tygodniowo<\/p>\n<\/div>\n<\/div>\n<div class=\"wpb_text_column wpb_content_element\">\n<div class=\"wpb_wrapper\" style=\"text-align: center;\"><\/div>\n<\/div>\n<p>[\/vc_column_text][vc_column_text css=&#8221;&#8221;]<\/p>\n<h3 style=\"text-align: center;\">&#8211; <span style=\"color: #ccb4cc;\">449<\/span>,00\u20ac<span style=\"color: #ccb4cc;\"> &#8211;<\/span><\/h3>\n<p>[\/vc_column_text][vc_btn title=&#8221;Zapytaj teraz&#8221; style=&#8221;gradient-custom&#8221; gradient_custom_color_1=&#8221;#5D4A66&#8243; gradient_custom_color_2=&#8221;#8D718C&#8221; shape=&#8221;round&#8221; align=&#8221;center&#8221; css=&#8221;&#8221; link=&#8221;url:https%3A%2F%2Fyouronlinehypnosis.com%2F%23kontakt|&#8221;][\/vc_column_inner][vc_column_inner width=&#8221;1\/4&#8243;][\/vc_column_inner][\/vc_row_inner][\/vc_column][\/vc_row][vc_row gap=&#8221;30&#8243; content_placement=&#8221;middle&#8221; css=&#8221;.vc_custom_1736781925273{padding-top: 50px !important;padding-bottom: 50px !important;}&#8221;][vc_column width=&#8221;1\/2&#8243;][vc_single_image image=&#8221;137&#8243; img_size=&#8221;full&#8221; alignment=&#8221;center&#8221; css=&#8221;&#8221;][\/vc_column][vc_column width=&#8221;1\/2&#8243;][vc_column_text css=&#8221;&#8221;]<\/p>\n<h2>Witam, jestem Ewelina Dubiak<\/h2>\n<h5>Tw\u00f3j hipnotyzer<\/h5>\n<p>[\/vc_column_text][vc_separator color=&#8221;custom&#8221; align=&#8221;align_left&#8221; border_width=&#8221;2&#8243; el_width=&#8221;50&#8243; css=&#8221;&#8221; accent_color=&#8221;#CCB4CC&#8221;][vc_column_text css=&#8221;&#8221;]Nazywam si\u0119 Ewelina Dubiak i jestem trenerem hipnozy. Hipnoza jest skutecznym narz\u0119dziem do rozpoznawania i zmiany g\u0142\u0119boko zakorzenionych w pod\u015bwiadomo\u015bci wzorc\u00f3w my\u015blenia i zachowania. Pomaga osi\u0105ga\u0107 cele \u0142atwiej, szybciej i trwalej w \u0142agodny, ale skuteczny spos\u00f3b. Jest kluczem do szcz\u0119\u015bliwszego i bardziej satysfakcjonuj\u0105cego \u017cycia.[\/vc_column_text][vc_btn title=&#8221;Wi\u0119cej o mnie&#8221; style=&#8221;gradient-custom&#8221; gradient_custom_color_1=&#8221;#5D4A66&#8243; gradient_custom_color_2=&#8221;#8D718C&#8221; shape=&#8221;round&#8221; align=&#8221;left&#8221; css=&#8221;&#8221; link=&#8221;url:https%3A%2F%2Fyouronlinehypnosis.com%2Fpl%2Fo-mnie%2F|title:O%20mnie|&#8221;][\/vc_column][\/vc_row][vc_row full_width=&#8221;stretch_row&#8221; css=&#8221;.vc_custom_1736782345202{padding-top: 50px !important;padding-bottom: 50px !important;background-color: #FFFBFB !important;}&#8221;][vc_column width=&#8221;1\/3&#8243;][vc_column_text css=&#8221;&#8221;]<\/p>\n<h2>Procedura<\/h2>\n<h5>Oto jak dzia\u0142a leczenie hipnoz\u0105<\/h5>\n<p>[\/vc_column_text][vc_separator color=&#8221;custom&#8221; align=&#8221;align_left&#8221; border_width=&#8221;2&#8243; el_width=&#8221;50&#8243; css=&#8221;&#8221; accent_color=&#8221;#CCB4CC&#8221;][vc_column_text css=&#8221;&#8221;]Tutaj dowiesz si\u0119, jak wygl\u0105da wsp\u00f3\u0142praca ze mn\u0105. Masz jakie\u015b pytania? Zapraszam do kontaktu![\/vc_column_text][\/vc_column][vc_column width=&#8221;2\/3&#8243;][vc_row_inner][vc_column_inner width=&#8221;1\/4&#8243;][vc_column_text css=&#8221;.vc_custom_1736782411948{padding-top: 30px !important;padding-bottom: 30px !important;background-color: #FFFFFF !important;}&#8221;]<\/p>\n<h2 style=\"text-align: center;\">1.<\/h2>\n<p>[\/vc_column_text][\/vc_column_inner][vc_column_inner width=&#8221;3\/4&#8243;][vc_column_text css=&#8221;&#8221;]<\/p>\n<h3>Wzajemne zapoznanie<\/h3>\n<p>Poznamy si\u0119 podczas rozmowy w kt\u00f3rej b\u0119dziesz m\u00f3ga opowiedzie\u0107 mi o swoich problemach i celach. Wsp\u00f3lnie wybierzemy, kt\u00f3ra z moich us\u0142ug jest dla Ciebie odpowiednia. Po rozmowie wst\u0119pnej b\u0119dziesz m\u00f3ga dokona\u0107 wi\u0105\u017c\u0105cej rezerwacji.[\/vc_column_text][\/vc_column_inner][\/vc_row_inner][vc_row_inner][vc_column_inner width=&#8221;1\/4&#8243;][vc_column_text css=&#8221;.vc_custom_1736782425215{padding-top: 30px !important;padding-bottom: 30px !important;background-color: #FFFFFF !important;}&#8221;]<\/p>\n<h2 style=\"text-align: center;\">2.<\/h2>\n<p>[\/vc_column_text][\/vc_column_inner][vc_column_inner width=&#8221;3\/4&#8243;][vc_column_text css=&#8221;&#8221;]<\/p>\n<h3>Wst\u0119pna analiza<\/h3>\n<p>Wsp\u00f3lnie zdefiniujemy konkretne wyzwania i wyznaczymy cele. Na podstawie wynik\u00f3w wst\u0119pnej analizy tworz\u0119 spersonalizowane teksty sugestii i przygotowuj\u0119 si\u0119 do zarezerwowanych sesji hipnozy. Analiza ta podlega op\u0142acie, poniewa\u017c indywidualne us\u0142ugi s\u0105 ju\u017c \u015bwiadczone. S\u0142u\u017cy ona jako podstawa naszej wsp\u00f3\u0142pracy &#8211; r\u00f3wnie\u017c w przypadku indywidualnych sesji hipnozy.[\/vc_column_text][\/vc_column_inner][\/vc_row_inner][vc_row_inner][vc_column_inner width=&#8221;1\/4&#8243;][vc_column_text css=&#8221;.vc_custom_1736782429932{padding-top: 30px !important;padding-bottom: 30px !important;background-color: #FFFFFF !important;}&#8221;]<\/p>\n<h2 style=\"text-align: center;\">3.<\/h2>\n<p>[\/vc_column_text][\/vc_column_inner][vc_column_inner width=&#8221;3\/4&#8243;][vc_column_text css=&#8221;&#8221;]<\/p>\n<h3>Sesje hipnozy<\/h3>\n<p>W zale\u017cno\u015bci od zarezerwowanego tematu hipnozy, rozpoczniemy sesje hipnozy. Wprowadz\u0119 Ci\u0119 w stan hipnozy i b\u0119d\u0119 pracowa\u0107 z Tob\u0105 nad g\u0142\u0119boko zakorzenionych negatywnych wzorc\u00f3w zachowa\u0144. Pomog\u0105 nam w tym teksty sugestii stworzone indywidualnie dla Ciebie.[\/vc_column_text][\/vc_column_inner][\/vc_row_inner][vc_row_inner][vc_column_inner width=&#8221;1\/4&#8243;][vc_column_text css=&#8221;.vc_custom_1736788049116{padding-top: 30px !important;padding-bottom: 30px !important;background-color: #FFFFFF !important;}&#8221;]<\/p>\n<h2 style=\"text-align: center;\">4.<\/h2>\n<p>[\/vc_column_text][\/vc_column_inner][vc_column_inner width=&#8221;3\/4&#8243;][vc_column_text css=&#8221;&#8221;]<\/p>\n<h3>D\u0142ugoterminowa wsp\u00f3\u0142praca<\/h3>\n<p>Nawet po zako\u0144czeniu procesu hipnozy z przyjemno\u015bci\u0105 b\u0119d\u0119 Ci towarzyszy\u0107 w formie coachingu lub dalszych sesji hipnozy w innych dziedzinach, kt\u00f3re chcia\u0142by\u015b rozwi\u0105za\u0107.[\/vc_column_text][\/vc_column_inner][\/vc_row_inner][\/vc_column][\/vc_row][vc_row full_width=&#8221;stretch_row&#8221; css=&#8221;.vc_custom_1736781963340{padding-top: 50px !important;padding-bottom: 50px !important;background-color: #CCB4CC !important;}&#8221;][vc_column][vc_column_text css=&#8221;&#8221;]<\/p>\n<h2 style=\"text-align: center;\">Cz\u0119sto zadawane pytania<\/h2>\n<h5 style=\"text-align: center;\">Indywidualna hipnoza<\/h5>\n<p>[\/vc_column_text][vc_row_inner gap=&#8221;30&#8243;][vc_column_inner width=&#8221;1\/2&#8243;][vc_toggle title=&#8221;Czym w og\u00f3le jest hipnoza?&#8221; css=&#8221;&#8221;]Hipnoza to stan relaksu, w kt\u00f3rym \u015bwiadomo\u015b\u0107 jest bardziej skupiona i otwarta.[\/vc_toggle][vc_toggle title=&#8221;Czy mog\u0119 straci\u0107 kontrol\u0119 pod wp\u0142ywem hipnozy?&#8221; css=&#8221;&#8221;]Nie, zawsze masz kontrol\u0119. Nikt nie mo\u017ce zmusi\u0107 ci\u0119 do zrobienia czegokolwiek wbrew twojej woli.[\/vc_toggle][vc_toggle title=&#8221;Jakie jest uczucie hipnozy?&#8221; css=&#8221;&#8221;]Wiele os\u00f3b opisuje go jako g\u0142\u0119boki, przyjemny stan relaksu.[\/vc_toggle][vc_toggle title=&#8221;Co je\u015bli nie mog\u0119 si\u0119 zrelaksowa\u0107?&#8221; css=&#8221;&#8221;]Poprowadz\u0119 Ci\u0119 krok po kroku do stanu relaksu. W wi\u0119kszo\u015bci przypadk\u00f3w ka\u017cdy mo\u017ce osi\u0105gn\u0105\u0107 przynajmniej lekki stan hipnotyczny.[\/vc_toggle][\/vc_column_inner][vc_column_inner width=&#8221;1\/2&#8243;][vc_toggle title=&#8221;Co je\u015bli zasn\u0119 podczas hipnozy?&#8221; css=&#8221;&#8221;]Nawet je\u015bli na chwil\u0119 za\u015bniesz, twoja pod\u015bwiadomo\u015b\u0107 b\u0119dzie nadal odbiera\u0107 sugestie. W wi\u0119kszo\u015bci przypadk\u00f3w jednak pozostaniesz przytomny.[\/vc_toggle][vc_toggle title=&#8221;Czy po sesji b\u0119d\u0119 znowu &quot;normalny&quot;?&#8221; css=&#8221;&#8221;]Po zako\u0144czeniu hipnozy powracasz do stanu czuwania i zwykle czujesz si\u0119 od\u015bwie\u017cony lub zrelaksowany. Wiele os\u00f3b do\u015bwiadcza pozytywnego uczucia spokoju i jasno\u015bci.[\/vc_toggle][vc_toggle title=&#8221;Czy hipnoza mo\u017ce zast\u0105pi\u0107 leczenie medyczne?&#8221; css=&#8221;&#8221;]Nie, hipnoza nie jest terapi\u0105 medyczn\u0105 i nie zast\u0119puje wizyty u lekarza. W przypadku dolegliwo\u015bci fizycznych lub psychicznych nale\u017cy skonsultowa\u0107 si\u0119 z lekarzem specjalist\u0105 lub terapeut\u0105.[\/vc_toggle][\/vc_column_inner][\/vc_row_inner][\/vc_column][\/vc_row]<\/p>\n<\/div>","protected":false},"excerpt":{"rendered":"<p>[vc_row full_width=&#8221;stretch_row&#8221; css=&#8221;.vc_custom_1736783099722{padding-top: 30px !important;padding-bottom: 30px !important;background-image: url(https:\/\/youronlinehypnosis.com\/wp-content\/uploads\/2025\/01\/HG1.jpg?id=102) !important;background-position: center !important;background-repeat: no-repeat !important;background-size: cover !important;}&#8221;][vc_column][vc_separator color=&#8221;custom&#8221; border_width=&#8221;2&#8243; el_width=&#8221;30&#8243; css=&#8221;&#8221; accent_color=&#8221;#CCB4CC&#8221;][vc_column_text css=&#8221;&#8221;] Odzwyczajanie od palenia [\/vc_column_text][vc_separator color=&#8221;custom&#8221;<span class=\"excerpt-hellip\"> [\u2026]<\/span><\/p>\n","protected":false},"author":2,"featured_media":0,"parent":0,"menu_order":0,"comment_status":"closed","ping_status":"closed","template":"","meta":{"footnotes":""},"class_list":["post-231","page","type-page","status-publish","hentry"],"yoast_head":"<!-- This site is optimized with the Yoast SEO plugin v25.7 - https:\/\/yoast.com\/wordpress\/plugins\/seo\/ -->\n<title>Hipnoza na rzucenie palenia - www.youronlinehypnosis.com<\/title>\n<meta name=\"robots\" content=\"index, follow, max-snippet:-1, max-image-preview:large, max-video-preview:-1\" \/>\n<link rel=\"canonical\" href=\"https:\/\/youronlinehypnosis.com\/pl\/hipnoza-na-rzucenie-palenia\/\" \/>\n<meta property=\"og:locale\" content=\"pl_PL\" \/>\n<meta property=\"og:type\" content=\"article\" \/>\n<meta property=\"og:title\" content=\"Hipnoza na rzucenie palenia - www.youronlinehypnosis.com\" \/>\n<meta property=\"og:description\" content=\"[vc_row full_width=&#8221;stretch_row&#8221; css=&#8221;.vc_custom_1736783099722{padding-top: 30px !important;padding-bottom: 30px !important;background-image: url(https:\/\/youronlinehypnosis.com\/wp-content\/uploads\/2025\/01\/HG1.jpg?id=102) !important;background-position: center !important;background-repeat: no-repeat !important;background-size: cover !important;}&#8221;][vc_column][vc_separator color=&#8221;custom&#8221; border_width=&#8221;2&#8243; el_width=&#8221;30&#8243; css=&#8221;&#8221; accent_color=&#8221;#CCB4CC&#8221;][vc_column_text css=&#8221;&#8221;] Odzwyczajanie od palenia [\/vc_column_text][vc_separator color=&#8221;custom&#8221; [\u2026]\" \/>\n<meta property=\"og:url\" content=\"https:\/\/youronlinehypnosis.com\/pl\/hipnoza-na-rzucenie-palenia\/\" \/>\n<meta property=\"og:site_name\" content=\"www.youronlinehypnosis.com\" \/>\n<meta property=\"article:modified_time\" content=\"2025-01-19T10:35:25+00:00\" \/>\n<meta name=\"twitter:card\" content=\"summary_large_image\" \/>\n<meta name=\"twitter:label1\" content=\"Est. reading time\" \/>\n\t<meta name=\"twitter:data1\" content=\"7 minut\" \/>\n<script type=\"application\/ld+json\" class=\"yoast-schema-graph\">{\"@context\":\"https:\/\/schema.org\",\"@graph\":[{\"@type\":\"WebPage\",\"@id\":\"https:\/\/youronlinehypnosis.com\/pl\/hipnoza-na-rzucenie-palenia\/\",\"url\":\"https:\/\/youronlinehypnosis.com\/pl\/hipnoza-na-rzucenie-palenia\/\",\"name\":\"Hipnoza na rzucenie palenia - www.youronlinehypnosis.com\",\"isPartOf\":{\"@id\":\"https:\/\/youronlinehypnosis.com\/pl\/#website\"},\"datePublished\":\"2025-01-13T10:59:30+00:00\",\"dateModified\":\"2025-01-19T10:35:25+00:00\",\"breadcrumb\":{\"@id\":\"https:\/\/youronlinehypnosis.com\/pl\/hipnoza-na-rzucenie-palenia\/#breadcrumb\"},\"inLanguage\":\"pl-PL\",\"potentialAction\":[{\"@type\":\"ReadAction\",\"target\":[\"https:\/\/youronlinehypnosis.com\/pl\/hipnoza-na-rzucenie-palenia\/\"]}]},{\"@type\":\"BreadcrumbList\",\"@id\":\"https:\/\/youronlinehypnosis.com\/pl\/hipnoza-na-rzucenie-palenia\/#breadcrumb\",\"itemListElement\":[{\"@type\":\"ListItem\",\"position\":1,\"name\":\"Startseite\",\"item\":\"https:\/\/youronlinehypnosis.com\/pl\/strona-glowna\/\"},{\"@type\":\"ListItem\",\"position\":2,\"name\":\"Hipnoza na rzucenie palenia\"}]},{\"@type\":\"WebSite\",\"@id\":\"https:\/\/youronlinehypnosis.com\/pl\/#website\",\"url\":\"https:\/\/youronlinehypnosis.com\/pl\/\",\"name\":\"www.youronlinehypnosis.com\",\"description\":\"Mit Hypnose zu Ihrem Ziel\",\"potentialAction\":[{\"@type\":\"SearchAction\",\"target\":{\"@type\":\"EntryPoint\",\"urlTemplate\":\"https:\/\/youronlinehypnosis.com\/pl\/?s={search_term_string}\"},\"query-input\":{\"@type\":\"PropertyValueSpecification\",\"valueRequired\":true,\"valueName\":\"search_term_string\"}}],\"inLanguage\":\"pl-PL\"}]}<\/script>\n<!-- \/ Yoast SEO plugin. -->","yoast_head_json":{"title":"Hipnoza na rzucenie palenia - www.youronlinehypnosis.com","robots":{"index":"index","follow":"follow","max-snippet":"max-snippet:-1","max-image-preview":"max-image-preview:large","max-video-preview":"max-video-preview:-1"},"canonical":"https:\/\/youronlinehypnosis.com\/pl\/hipnoza-na-rzucenie-palenia\/","og_locale":"pl_PL","og_type":"article","og_title":"Hipnoza na rzucenie palenia - www.youronlinehypnosis.com","og_description":"[vc_row full_width=&#8221;stretch_row&#8221; css=&#8221;.vc_custom_1736783099722{padding-top: 30px !important;padding-bottom: 30px !important;background-image: url(https:\/\/youronlinehypnosis.com\/wp-content\/uploads\/2025\/01\/HG1.jpg?id=102) !important;background-position: center !important;background-repeat: no-repeat !important;background-size: cover !important;}&#8221;][vc_column][vc_separator color=&#8221;custom&#8221; border_width=&#8221;2&#8243; el_width=&#8221;30&#8243; css=&#8221;&#8221; accent_color=&#8221;#CCB4CC&#8221;][vc_column_text css=&#8221;&#8221;] Odzwyczajanie od palenia [\/vc_column_text][vc_separator color=&#8221;custom&#8221; [\u2026]","og_url":"https:\/\/youronlinehypnosis.com\/pl\/hipnoza-na-rzucenie-palenia\/","og_site_name":"www.youronlinehypnosis.com","article_modified_time":"2025-01-19T10:35:25+00:00","twitter_card":"summary_large_image","twitter_misc":{"Est. reading time":"7 minut"},"schema":{"@context":"https:\/\/schema.org","@graph":[{"@type":"WebPage","@id":"https:\/\/youronlinehypnosis.com\/pl\/hipnoza-na-rzucenie-palenia\/","url":"https:\/\/youronlinehypnosis.com\/pl\/hipnoza-na-rzucenie-palenia\/","name":"Hipnoza na rzucenie palenia - www.youronlinehypnosis.com","isPartOf":{"@id":"https:\/\/youronlinehypnosis.com\/pl\/#website"},"datePublished":"2025-01-13T10:59:30+00:00","dateModified":"2025-01-19T10:35:25+00:00","breadcrumb":{"@id":"https:\/\/youronlinehypnosis.com\/pl\/hipnoza-na-rzucenie-palenia\/#breadcrumb"},"inLanguage":"pl-PL","potentialAction":[{"@type":"ReadAction","target":["https:\/\/youronlinehypnosis.com\/pl\/hipnoza-na-rzucenie-palenia\/"]}]},{"@type":"BreadcrumbList","@id":"https:\/\/youronlinehypnosis.com\/pl\/hipnoza-na-rzucenie-palenia\/#breadcrumb","itemListElement":[{"@type":"ListItem","position":1,"name":"Startseite","item":"https:\/\/youronlinehypnosis.com\/pl\/strona-glowna\/"},{"@type":"ListItem","position":2,"name":"Hipnoza na rzucenie palenia"}]},{"@type":"WebSite","@id":"https:\/\/youronlinehypnosis.com\/pl\/#website","url":"https:\/\/youronlinehypnosis.com\/pl\/","name":"www.youronlinehypnosis.com","description":"Mit Hypnose zu Ihrem Ziel","potentialAction":[{"@type":"SearchAction","target":{"@type":"EntryPoint","urlTemplate":"https:\/\/youronlinehypnosis.com\/pl\/?s={search_term_string}"},"query-input":{"@type":"PropertyValueSpecification","valueRequired":true,"valueName":"search_term_string"}}],"inLanguage":"pl-PL"}]}},"_links":{"self":[{"href":"https:\/\/youronlinehypnosis.com\/pl\/wp-json\/wp\/v2\/pages\/231","targetHints":{"allow":["GET"]}}],"collection":[{"href":"https:\/\/youronlinehypnosis.com\/pl\/wp-json\/wp\/v2\/pages"}],"about":[{"href":"https:\/\/youronlinehypnosis.com\/pl\/wp-json\/wp\/v2\/types\/page"}],"author":[{"embeddable":true,"href":"https:\/\/youronlinehypnosis.com\/pl\/wp-json\/wp\/v2\/users\/2"}],"replies":[{"embeddable":true,"href":"https:\/\/youronlinehypnosis.com\/pl\/wp-json\/wp\/v2\/comments?post=231"}],"version-history":[{"count":5,"href":"https:\/\/youronlinehypnosis.com\/pl\/wp-json\/wp\/v2\/pages\/231\/revisions"}],"predecessor-version":[{"id":362,"href":"https:\/\/youronlinehypnosis.com\/pl\/wp-json\/wp\/v2\/pages\/231\/revisions\/362"}],"wp:attachment":[{"href":"https:\/\/youronlinehypnosis.com\/pl\/wp-json\/wp\/v2\/media?parent=231"}],"curies":[{"name":"wp","href":"https:\/\/api.w.org\/{rel}","templated":true}]}}