{"id":220,"date":"2025-01-13T10:59:44","date_gmt":"2025-01-13T10:59:44","guid":{"rendered":"https:\/\/youronlinehypnosis.com\/o-mnie\/"},"modified":"2025-01-19T11:32:37","modified_gmt":"2025-01-19T11:32:37","slug":"o-mnie","status":"publish","type":"page","link":"https:\/\/youronlinehypnosis.com\/pl\/o-mnie\/","title":{"rendered":"O mnie"},"content":{"rendered":"<div class=\"wpb-content-wrapper\"><p>[vc_row gap=&#8221;30&#8243; content_placement=&#8221;middle&#8221; css=&#8221;.vc_custom_1736778709803{padding-top: 50px !important;padding-bottom: 50px !important;}&#8221;][vc_column width=&#8221;1\/2&#8243;][vc_single_image image=&#8221;59&#8243; img_size=&#8221;full&#8221; alignment=&#8221;center&#8221; css=&#8221;&#8221;][\/vc_column][vc_column width=&#8221;1\/2&#8243;][vc_column_text css=&#8221;&#8221;]<\/p>\n<h1>Trener hipnozy online<\/h1>\n<h5>Ewelina Dubiak<\/h5>\n<p>[\/vc_column_text][vc_column_text css=&#8221;&#8221;]Uwielbiam pracowa\u0107 z lud\u017ami i dzieli\u0107 si\u0119 swoj\u0105 energi\u0105. To dla mnie niezwykle wa\u017cne, aby przekazywa\u0107 potrzebuj\u0105cym si\u0142\u0119, i pomaga\u0107 im odkrywa\u0107 ich w\u0142asny potencja\u0142. Hipnoza pozwala odnale\u017a\u0107 wewn\u0119trzn\u0105 motywacj\u0119 i by\u0107 szcz\u0119\u015bliwym. Ka\u017cda pozytywna zmiana u moich klient\u00f3w daje nam ogromn\u0105 rado\u015b\u0107 i satysfakcj\u0119.[\/vc_column_text][\/vc_column][\/vc_row][vc_row full_width=&#8221;stretch_row&#8221; gap=&#8221;30&#8243; content_placement=&#8221;middle&#8221; css=&#8221;.vc_custom_1736778971285{padding-top: 50px !important;background-color: #FFFAFA !important;}&#8221;][vc_column width=&#8221;1\/3&#8243;][vc_column_text css=&#8221;&#8221;]<\/p>\n<h2>Moja droga&#8230;<\/h2>\n<h5>Jak rozpocz\u0119\u0142am moj\u0105 prac\u0119\u2026<\/h5>\n<p>[\/vc_column_text][vc_separator color=&#8221;custom&#8221; align=&#8221;align_left&#8221; border_width=&#8221;2&#8243; el_width=&#8221;50&#8243; css=&#8221;&#8221; accent_color=&#8221;#CCB4CC&#8221;][\/vc_column][vc_column width=&#8221;2\/3&#8243;][vc_column_text css=&#8221;&#8221;]Moja droga do hipnozy rozpocz\u0119\u0142a si\u0119 od g\u0142\u0119bokiej fascynacji po\u0142\u0105czeniem umys\u0142u, cia\u0142a i duszy. Przez ca\u0142e \u017cycie stawia\u0142am czo\u0142a wyzwaniom, kt\u00f3re zmusza\u0142y mnie do poszukiwania nowych dr\u00f3g i rozwijania wewn\u0119trznej si\u0142y. Te do\u015bwiadczenia ukszta\u0142towa\u0142y mnie i zainspirowa\u0142y do intensywniejszego skupienia si\u0119 na sile psychicznej i pracy z pod\u015bwiadomo\u015bci\u0105. Przez wiele lat pracy z lud\u017ami nie tylko rozwin\u0119\u0142am g\u0142\u0119bokie zrozumienie wyzwa\u0144 innych, ale tak\u017ce zdoby\u0142em siln\u0105 wiedz\u0119 na temat ludzkiej natury. Wielokrotnie zdawa\u0142em sobie spraw\u0119 z tego, jak \u015bci\u015ble nasz umys\u0142 i cia\u0142o s\u0105 ze sob\u0105 po\u0142\u0105czone i jak pot\u0119\u017cnym \u017ar\u00f3d\u0142em rozwi\u0105za\u0144 mo\u017ce by\u0107 nasza pod\u015bwiadomo\u015b\u0107.[\/vc_column_text][\/vc_column][\/vc_row][vc_row full_width=&#8221;stretch_row&#8221; gap=&#8221;30&#8243; content_placement=&#8221;middle&#8221; css=&#8221;.vc_custom_1736778965402{padding-bottom: 50px !important;background-color: #FFFAFA !important;}&#8221;][vc_column width=&#8221;2\/3&#8243;][vc_column_text css=&#8221;&#8221;]Zda\u0142am sobie spraw\u0119, \u017ce wiele os\u00f3b cz\u0119sto czuje si\u0119 samotnych i potrzebuje wsparcia &#8211; szczeg\u00f3lnie w czasach, gdy wp\u0142ywy zewn\u0119trzne, takie jak niezdrowa dieta czy palenie tytoniu, dominuj\u0105 w naszym \u017cyciu. Jeste\u015bmy coraz bardziej przyt\u0142oczeni tymi wp\u0142ywami. Podczas gdy kiedy\u015b musieli\u015bmy polowa\u0107 za jedzeniem, dzi\u015b wydaje si\u0119, \u017ce jedzenie poluje na nas.<\/p>\n<p>U\u015bwiadomienie sobie tego doprowadzi\u0142o mnie do postrzegania hipnozy jako pot\u0119\u017cnego narz\u0119dzia. Pozwala nam uzyska\u0107 dost\u0119p do naszej wewn\u0119trznej si\u0142y i jasno\u015bci, aby uwolni\u0107 si\u0119 od tego cyklu. Dlatego zdecydowa\u0142em si\u0119 oferowa\u0107 hipnoz\u0119 i pomaga\u0107 ludziom w ich podr\u00f3\u017cy.[\/vc_column_text][\/vc_column][vc_column width=&#8221;1\/3&#8243;][vc_column_text css=&#8221;&#8221;]<\/p>\n<h2>Z hipnoz\u0105<\/h2>\n<h5>&#8230;i co robi\u0119 dzisiaj<\/h5>\n<p>[\/vc_column_text][vc_separator color=&#8221;custom&#8221; align=&#8221;align_left&#8221; border_width=&#8221;2&#8243; el_width=&#8221;50&#8243; css=&#8221;&#8221; accent_color=&#8221;#CCB4CC&#8221;][\/vc_column][\/vc_row][vc_row full_width=&#8221;stretch_row&#8221; css=&#8221;.vc_custom_1736779041389{padding-top: 50px !important;padding-bottom: 50px !important;background-color: #CCB4CC !important;}&#8221;][vc_column][vc_column_text css=&#8221;&#8221;]<\/p>\n<h2 style=\"text-align: center;\">Moja oferta<\/h2>\n<h5 style=\"text-align: center;\">Oto jak mog\u0119 ci pom\u00f3c<\/h5>\n<p>[\/vc_column_text][vc_row_inner gap=&#8221;30&#8243;][vc_column_inner width=&#8221;1\/3&#8243; css=&#8221;.vc_custom_1736779212938{background-color: #FFFAFA !important;border-radius: 5px !important;}&#8221;][vc_column_text css=&#8221;&#8221;]<\/p>\n<div class=\"wpb_text_column wpb_content_element\">\n<div class=\"wpb_wrapper\">\n<h3 style=\"text-align: center;\">Zmniejszenie masy cia\u0142a<\/h3>\n<h5 style=\"text-align: center;\">L\u017cejszy w \u017cyciu<\/h5>\n<\/div>\n<\/div>\n<p>[\/vc_column_text][vc_separator color=&#8221;custom&#8221; border_width=&#8221;2&#8243; el_width=&#8221;50&#8243; css=&#8221;&#8221; accent_color=&#8221;#CCB4CC&#8221;][vc_column_text css=&#8221;&#8221;]<\/p>\n<p style=\"text-align: center;\"><em>Jest to zawarte w pakiecie<\/em><\/p>\n<p style=\"text-align: center;\">Wst\u0119pna analiza, 60 min (warto\u015b\u0107 49,99 \u20ac)<br \/>\n5 x 60-minutowe sesje hipnozy<br \/>\nJedna sesja tygodniowo[\/vc_column_text][vc_column_text css=&#8221;&#8221;]<\/p>\n<h3 style=\"text-align: center;\">&#8211; <span style=\"color: #ccb4cc;\">449<\/span>,99\u20ac <span style=\"color: #ccb4cc;\">&#8211;<\/span><\/h3>\n<p>[\/vc_column_text][vc_btn title=&#8221;Dowiedz si\u0119 wi\u0119cej&#8221; style=&#8221;gradient-custom&#8221; gradient_custom_color_1=&#8221;#5D4A66&#8243; gradient_custom_color_2=&#8221;#8D718C&#8221; shape=&#8221;round&#8221; size=&#8221;sm&#8221; align=&#8221;center&#8221; css=&#8221;&#8221; link=&#8221;url:https%3A%2F%2Fyouronlinehypnosis.com%2Fpl%2Fhipnoza-redukujaca-wage%2F|title:Hipnoza%20redukuj%C4%85ca%20wag%C4%99|&#8221;][\/vc_column_inner][vc_column_inner width=&#8221;1\/3&#8243; css=&#8221;.vc_custom_1736779221053{background-color: #FFFAFA !important;border-radius: 5px !important;}&#8221;][vc_column_text css=&#8221;&#8221;]<\/p>\n<h3 style=\"text-align: center;\">Odzwyczajanie od palenia<\/h3>\n<h5 style=\"text-align: center;\">\u017bycie bez dymu tytoniowego<\/h5>\n<p>[\/vc_column_text][vc_separator color=&#8221;custom&#8221; border_width=&#8221;2&#8243; el_width=&#8221;50&#8243; css=&#8221;&#8221; accent_color=&#8221;#CCB4CC&#8221;][vc_column_text css=&#8221;&#8221;]<\/p>\n<p style=\"text-align: center;\"><em>Jest to zawarte w pakiecie<\/em><\/p>\n<p style=\"text-align: center;\">Wst\u0119pna analiza, 60 min (warto\u015b\u0107 49,99 \u20ac)<br \/>\n2 x 1,5-godzinna sesja hipnozy<br \/>\nJedna sesja tygodniowo[\/vc_column_text][vc_column_text css=&#8221;&#8221;]<\/p>\n<h3 style=\"text-align: center;\">&#8211; <span style=\"color: #ccb4cc;\">449<\/span>,99\u20ac <span style=\"color: #ccb4cc;\">&#8211;<\/span><\/h3>\n<p>[\/vc_column_text][vc_btn title=&#8221;Dowiedz si\u0119 wi\u0119cej&#8221; style=&#8221;gradient-custom&#8221; gradient_custom_color_1=&#8221;#5D4A66&#8243; gradient_custom_color_2=&#8221;#8D718C&#8221; shape=&#8221;round&#8221; size=&#8221;sm&#8221; align=&#8221;center&#8221; css=&#8221;&#8221; link=&#8221;url:https%3A%2F%2Fyouronlinehypnosis.com%2Fpl%2Fhipnoza-na-rzucenie-palenia%2F|title:Hipnoza%20na%20rzucenie%20palenia|&#8221;][\/vc_column_inner][vc_column_inner width=&#8221;1\/3&#8243; css=&#8221;.vc_custom_1736779229337{background-color: #FFFAFA !important;border-radius: 5px !important;}&#8221;][vc_column_text css=&#8221;&#8221;]<\/p>\n<h3 style=\"text-align: center;\">Hipnoza indywidualna<\/h3>\n<h5 style=\"text-align: center;\">Beztroskie \u017cycie<\/h5>\n<p>[\/vc_column_text][vc_separator color=&#8221;custom&#8221; border_width=&#8221;2&#8243; el_width=&#8221;50&#8243; css=&#8221;&#8221; accent_color=&#8221;#CCB4CC&#8221;][vc_column_text css=&#8221;&#8221;]<\/p>\n<p style=\"text-align: center;\"><em>Ch\u0119tnie zajm\u0119 si\u0119 poszczeg\u00f3lnymi tematami na \u017cyczenie<\/em><\/p>\n<p style=\"text-align: center;\">Wi\u0105zanie: wst\u0119pna analiza na pocz\u0105tku<br \/>\n60 minut na sesj\u0119<br \/>\nWybrany temat[\/vc_column_text][vc_column_text css=&#8221;&#8221;]<\/p>\n<h3 style=\"text-align: center;\">&#8211; <span style=\"color: #ccb4cc;\">99<\/span>,99\u20ac <span style=\"color: #ccb4cc;\">&#8211;<\/span><\/h3>\n<p>[\/vc_column_text][vc_btn title=&#8221;Dowiedz si\u0119 wi\u0119cej&#8221; style=&#8221;gradient-custom&#8221; gradient_custom_color_1=&#8221;#5D4A66&#8243; gradient_custom_color_2=&#8221;#8D718C&#8221; shape=&#8221;round&#8221; size=&#8221;sm&#8221; align=&#8221;center&#8221; css=&#8221;&#8221; link=&#8221;url:https%3A%2F%2Fyouronlinehypnosis.com%2Fpl%2Fuslugi%2F%23individuell|&#8221;][\/vc_column_inner][\/vc_row_inner][\/vc_column][\/vc_row]<\/p>\n<\/div>","protected":false},"excerpt":{"rendered":"<p>[vc_row gap=&#8221;30&#8243; content_placement=&#8221;middle&#8221; css=&#8221;.vc_custom_1736778709803{padding-top: 50px !important;padding-bottom: 50px !important;}&#8221;][vc_column width=&#8221;1\/2&#8243;][vc_single_image image=&#8221;59&#8243; img_size=&#8221;full&#8221; alignment=&#8221;center&#8221; css=&#8221;&#8221;][\/vc_column][vc_column width=&#8221;1\/2&#8243;][vc_column_text css=&#8221;&#8221;] Trener hipnozy online Ewelina Dubiak [\/vc_column_text][vc_column_text css=&#8221;&#8221;]Uwielbiam pracowa\u0107 z lud\u017ami i<span class=\"excerpt-hellip\"> [\u2026]<\/span><\/p>\n","protected":false},"author":2,"featured_media":0,"parent":0,"menu_order":0,"comment_status":"closed","ping_status":"closed","template":"","meta":{"footnotes":""},"class_list":["post-220","page","type-page","status-publish","hentry"],"yoast_head":"<!-- This site is optimized with the Yoast SEO plugin v25.7 - https:\/\/yoast.com\/wordpress\/plugins\/seo\/ -->\n<title>O mnie - www.youronlinehypnosis.com<\/title>\n<meta name=\"robots\" content=\"index, follow, max-snippet:-1, max-image-preview:large, max-video-preview:-1\" \/>\n<link rel=\"canonical\" href=\"https:\/\/youronlinehypnosis.com\/pl\/o-mnie\/\" \/>\n<meta property=\"og:locale\" content=\"pl_PL\" \/>\n<meta property=\"og:type\" content=\"article\" \/>\n<meta property=\"og:title\" content=\"O mnie - www.youronlinehypnosis.com\" \/>\n<meta property=\"og:description\" content=\"[vc_row gap=&#8221;30&#8243; content_placement=&#8221;middle&#8221; css=&#8221;.vc_custom_1736778709803{padding-top: 50px !important;padding-bottom: 50px !important;}&#8221;][vc_column width=&#8221;1\/2&#8243;][vc_single_image image=&#8221;59&#8243; img_size=&#8221;full&#8221; alignment=&#8221;center&#8221; css=&#8221;&#8221;][\/vc_column][vc_column width=&#8221;1\/2&#8243;][vc_column_text css=&#8221;&#8221;] Trener hipnozy online Ewelina Dubiak [\/vc_column_text][vc_column_text css=&#8221;&#8221;]Uwielbiam pracowa\u0107 z lud\u017ami i [\u2026]\" \/>\n<meta property=\"og:url\" content=\"https:\/\/youronlinehypnosis.com\/pl\/o-mnie\/\" \/>\n<meta property=\"og:site_name\" content=\"www.youronlinehypnosis.com\" \/>\n<meta property=\"article:modified_time\" content=\"2025-01-19T11:32:37+00:00\" \/>\n<meta name=\"twitter:card\" content=\"summary_large_image\" \/>\n<meta name=\"twitter:label1\" content=\"Est. reading time\" \/>\n\t<meta name=\"twitter:data1\" content=\"4 minuty\" \/>\n<script type=\"application\/ld+json\" class=\"yoast-schema-graph\">{\"@context\":\"https:\/\/schema.org\",\"@graph\":[{\"@type\":\"WebPage\",\"@id\":\"https:\/\/youronlinehypnosis.com\/pl\/o-mnie\/\",\"url\":\"https:\/\/youronlinehypnosis.com\/pl\/o-mnie\/\",\"name\":\"O mnie - www.youronlinehypnosis.com\",\"isPartOf\":{\"@id\":\"https:\/\/youronlinehypnosis.com\/pl\/#website\"},\"datePublished\":\"2025-01-13T10:59:44+00:00\",\"dateModified\":\"2025-01-19T11:32:37+00:00\",\"breadcrumb\":{\"@id\":\"https:\/\/youronlinehypnosis.com\/pl\/o-mnie\/#breadcrumb\"},\"inLanguage\":\"pl-PL\",\"potentialAction\":[{\"@type\":\"ReadAction\",\"target\":[\"https:\/\/youronlinehypnosis.com\/pl\/o-mnie\/\"]}]},{\"@type\":\"BreadcrumbList\",\"@id\":\"https:\/\/youronlinehypnosis.com\/pl\/o-mnie\/#breadcrumb\",\"itemListElement\":[{\"@type\":\"ListItem\",\"position\":1,\"name\":\"Startseite\",\"item\":\"https:\/\/youronlinehypnosis.com\/pl\/strona-glowna\/\"},{\"@type\":\"ListItem\",\"position\":2,\"name\":\"O mnie\"}]},{\"@type\":\"WebSite\",\"@id\":\"https:\/\/youronlinehypnosis.com\/pl\/#website\",\"url\":\"https:\/\/youronlinehypnosis.com\/pl\/\",\"name\":\"www.youronlinehypnosis.com\",\"description\":\"Mit Hypnose zu Ihrem Ziel\",\"potentialAction\":[{\"@type\":\"SearchAction\",\"target\":{\"@type\":\"EntryPoint\",\"urlTemplate\":\"https:\/\/youronlinehypnosis.com\/pl\/?s={search_term_string}\"},\"query-input\":{\"@type\":\"PropertyValueSpecification\",\"valueRequired\":true,\"valueName\":\"search_term_string\"}}],\"inLanguage\":\"pl-PL\"}]}<\/script>\n<!-- \/ Yoast SEO plugin. -->","yoast_head_json":{"title":"O mnie - www.youronlinehypnosis.com","robots":{"index":"index","follow":"follow","max-snippet":"max-snippet:-1","max-image-preview":"max-image-preview:large","max-video-preview":"max-video-preview:-1"},"canonical":"https:\/\/youronlinehypnosis.com\/pl\/o-mnie\/","og_locale":"pl_PL","og_type":"article","og_title":"O mnie - www.youronlinehypnosis.com","og_description":"[vc_row gap=&#8221;30&#8243; content_placement=&#8221;middle&#8221; css=&#8221;.vc_custom_1736778709803{padding-top: 50px !important;padding-bottom: 50px !important;}&#8221;][vc_column width=&#8221;1\/2&#8243;][vc_single_image image=&#8221;59&#8243; img_size=&#8221;full&#8221; alignment=&#8221;center&#8221; css=&#8221;&#8221;][\/vc_column][vc_column width=&#8221;1\/2&#8243;][vc_column_text css=&#8221;&#8221;] Trener hipnozy online Ewelina Dubiak [\/vc_column_text][vc_column_text css=&#8221;&#8221;]Uwielbiam pracowa\u0107 z lud\u017ami i [\u2026]","og_url":"https:\/\/youronlinehypnosis.com\/pl\/o-mnie\/","og_site_name":"www.youronlinehypnosis.com","article_modified_time":"2025-01-19T11:32:37+00:00","twitter_card":"summary_large_image","twitter_misc":{"Est. reading time":"4 minuty"},"schema":{"@context":"https:\/\/schema.org","@graph":[{"@type":"WebPage","@id":"https:\/\/youronlinehypnosis.com\/pl\/o-mnie\/","url":"https:\/\/youronlinehypnosis.com\/pl\/o-mnie\/","name":"O mnie - www.youronlinehypnosis.com","isPartOf":{"@id":"https:\/\/youronlinehypnosis.com\/pl\/#website"},"datePublished":"2025-01-13T10:59:44+00:00","dateModified":"2025-01-19T11:32:37+00:00","breadcrumb":{"@id":"https:\/\/youronlinehypnosis.com\/pl\/o-mnie\/#breadcrumb"},"inLanguage":"pl-PL","potentialAction":[{"@type":"ReadAction","target":["https:\/\/youronlinehypnosis.com\/pl\/o-mnie\/"]}]},{"@type":"BreadcrumbList","@id":"https:\/\/youronlinehypnosis.com\/pl\/o-mnie\/#breadcrumb","itemListElement":[{"@type":"ListItem","position":1,"name":"Startseite","item":"https:\/\/youronlinehypnosis.com\/pl\/strona-glowna\/"},{"@type":"ListItem","position":2,"name":"O mnie"}]},{"@type":"WebSite","@id":"https:\/\/youronlinehypnosis.com\/pl\/#website","url":"https:\/\/youronlinehypnosis.com\/pl\/","name":"www.youronlinehypnosis.com","description":"Mit Hypnose zu Ihrem Ziel","potentialAction":[{"@type":"SearchAction","target":{"@type":"EntryPoint","urlTemplate":"https:\/\/youronlinehypnosis.com\/pl\/?s={search_term_string}"},"query-input":{"@type":"PropertyValueSpecification","valueRequired":true,"valueName":"search_term_string"}}],"inLanguage":"pl-PL"}]}},"_links":{"self":[{"href":"https:\/\/youronlinehypnosis.com\/pl\/wp-json\/wp\/v2\/pages\/220","targetHints":{"allow":["GET"]}}],"collection":[{"href":"https:\/\/youronlinehypnosis.com\/pl\/wp-json\/wp\/v2\/pages"}],"about":[{"href":"https:\/\/youronlinehypnosis.com\/pl\/wp-json\/wp\/v2\/types\/page"}],"author":[{"embeddable":true,"href":"https:\/\/youronlinehypnosis.com\/pl\/wp-json\/wp\/v2\/users\/2"}],"replies":[{"embeddable":true,"href":"https:\/\/youronlinehypnosis.com\/pl\/wp-json\/wp\/v2\/comments?post=220"}],"version-history":[{"count":25,"href":"https:\/\/youronlinehypnosis.com\/pl\/wp-json\/wp\/v2\/pages\/220\/revisions"}],"predecessor-version":[{"id":371,"href":"https:\/\/youronlinehypnosis.com\/pl\/wp-json\/wp\/v2\/pages\/220\/revisions\/371"}],"wp:attachment":[{"href":"https:\/\/youronlinehypnosis.com\/pl\/wp-json\/wp\/v2\/media?parent=220"}],"curies":[{"name":"wp","href":"https:\/\/api.w.org\/{rel}","templated":true}]}}