{"id":215,"date":"2025-01-13T11:00:08","date_gmt":"2025-01-13T11:00:08","guid":{"rendered":"https:\/\/youronlinehypnosis.com\/nadruk\/"},"modified":"2025-02-04T14:04:49","modified_gmt":"2025-02-04T14:04:49","slug":"nadruk","status":"publish","type":"page","link":"https:\/\/youronlinehypnosis.com\/pl\/nadruk\/","title":{"rendered":"Nadruk"},"content":{"rendered":"<div class=\"wpb-content-wrapper\"><p>[vc_row][vc_column][vc_column_text css=&#8221;&#8221;]<\/p>\n<h2><b>IMPRINT<\/b><\/h2>\n<p><b>Ewelina Dubiak<\/b><\/p>\n<p><span style=\"font-weight: 400;\">Wersja 1.0<br \/>\n<\/span><span style=\"font-weight: 400;\">Status:<\/span> <span style=\"font-weight: 400;\">Stycze\u0144 2025 r.<\/span><\/p>\n<p><strong>Szczeg\u00f3\u0142y dotycz\u0105ce operatora strony<br \/>\n<\/strong><span style=\"font-weight: 400;\">Twoje Hipnozy Online<br \/>\n<\/span><span style=\"font-weight: 400;\">reprezentowana przez Ewelin\u0119 Dubiak<\/span><span style=\"font-weight: 400;\"><br \/>\n<\/span>Wendenstrasse 39 38100 Braunschweig<\/p>\n<p><strong><br \/>\nKontakt:<\/strong><strong><span style=\"font-weight: 400;\">Telefon:<\/span> 0177 7 841 073<\/strong><span style=\"font-weight: 400;\"><br \/>\n<\/span><span style=\"font-weight: 400;\">E-mail: dubiak.ewelina@googlemail.com<\/span><\/p>\n<p><b>Ubezpieczenie od odpowiedzialno\u015bci zawodowej<br \/>\n<\/b><span style=\"color: #ff0000;\"><span style=\"font-weight: 400;\">(tylko je\u015bli dost\u0119pne, w przeciwnym razie usu\u0144)<br \/>\n<\/span><span style=\"font-weight: 400;\">[Name der Versicherungsgesellschaft]<br \/>\n<\/span><span style=\"font-weight: 400;\">[Anschrift der Gesellschaft]<\/span><\/span><\/p>\n<p><span style=\"font-weight: 400;\"><br \/>\n<\/span><b>Platforma Komisji Europejskiej do internetowego rozstrzygania spor\u00f3w<br \/>\n<\/b><a href=\"https:\/\/www.ec.europa.eu\/consumers\/odr\"><span style=\"font-weight: 400;\">https:\/\/www.ec.europa.eu\/consumers\/odr<\/span><\/a><span style=\"font-weight: 400;\"> <\/span><\/p>\n<p><b>Prawa autorskie  <\/b><span style=\"font-weight: 400;\"><br \/>\n<\/span><span style=\"font-weight: 400;\">Zawarto\u015b\u0107 tej strony internetowej jest chroniona prawem autorskim. Powielanie tre\u015bci, zdj\u0119\u0107 i grafik opublikowanych tutaj jest dozwolone wy\u0142\u0105cznie za wyra\u017an\u0105 pisemn\u0105 zgod\u0105.   <\/span><\/p>\n<p><b>Kredyty<br \/>\n<\/b><span style=\"font-weight: 400;\">Prawa do zdj\u0119\u0107 prezentowanych na stronie internetowej przys\u0142uguj\u0105 <\/span><span style=\"font-weight: 400;\">Ewelina Dubiak<\/span><span style=\"font-weight: 400;\">. Zdj\u0119cia zosta\u0142y wykonane przez<span style=\"color: #ff0000;\"> Studioline Photography<\/span>  <\/span><span style=\"font-weight: 400;\">stworzony.  <\/span><\/p>\n<p><span style=\"font-weight: 400;\">Logo i projekt strony internetowej s\u0105 autorstwa <a href=\"http:\/\/lisakoch.de\">Lisy Koch<\/a>.<\/span>[\/vc_column_text][\/vc_column][\/vc_row]<\/p>\n<\/div>","protected":false},"excerpt":{"rendered":"<p>[vc_row][vc_column][vc_column_text css=&#8221;&#8221;] IMPRINT Ewelina Dubiak Wersja 1.0 Status: Stycze\u0144 2025 r. Szczeg\u00f3\u0142y dotycz\u0105ce operatora strony Twoje Hipnozy Online reprezentowana przez Ewelin\u0119 Dubiak Wendenstrasse 39 38100 Braunschweig<span class=\"excerpt-hellip\"> [\u2026]<\/span><\/p>\n","protected":false},"author":2,"featured_media":0,"parent":0,"menu_order":0,"comment_status":"closed","ping_status":"closed","template":"","meta":{"footnotes":""},"class_list":["post-215","page","type-page","status-publish","hentry"],"yoast_head":"<!-- This site is optimized with the Yoast SEO plugin v25.7 - https:\/\/yoast.com\/wordpress\/plugins\/seo\/ -->\n<title>Nadruk - www.youronlinehypnosis.com<\/title>\n<meta name=\"robots\" content=\"index, follow, max-snippet:-1, max-image-preview:large, max-video-preview:-1\" \/>\n<link rel=\"canonical\" href=\"https:\/\/youronlinehypnosis.com\/pl\/nadruk\/\" \/>\n<meta property=\"og:locale\" content=\"pl_PL\" \/>\n<meta property=\"og:type\" content=\"article\" \/>\n<meta property=\"og:title\" content=\"Nadruk - www.youronlinehypnosis.com\" \/>\n<meta property=\"og:description\" content=\"[vc_row][vc_column][vc_column_text css=&#8221;&#8221;] IMPRINT Ewelina Dubiak Wersja 1.0 Status: Stycze\u0144 2025 r. Szczeg\u00f3\u0142y dotycz\u0105ce operatora strony Twoje Hipnozy Online reprezentowana przez Ewelin\u0119 Dubiak Wendenstrasse 39 38100 Braunschweig [\u2026]\" \/>\n<meta property=\"og:url\" content=\"https:\/\/youronlinehypnosis.com\/pl\/nadruk\/\" \/>\n<meta property=\"og:site_name\" content=\"www.youronlinehypnosis.com\" \/>\n<meta property=\"article:modified_time\" content=\"2025-02-04T14:04:49+00:00\" \/>\n<meta name=\"twitter:card\" content=\"summary_large_image\" \/>\n<meta name=\"twitter:label1\" content=\"Est. reading time\" \/>\n\t<meta name=\"twitter:data1\" content=\"1 minuta\" \/>\n<script type=\"application\/ld+json\" class=\"yoast-schema-graph\">{\"@context\":\"https:\/\/schema.org\",\"@graph\":[{\"@type\":\"WebPage\",\"@id\":\"https:\/\/youronlinehypnosis.com\/pl\/nadruk\/\",\"url\":\"https:\/\/youronlinehypnosis.com\/pl\/nadruk\/\",\"name\":\"Nadruk - www.youronlinehypnosis.com\",\"isPartOf\":{\"@id\":\"https:\/\/youronlinehypnosis.com\/pl\/#website\"},\"datePublished\":\"2025-01-13T11:00:08+00:00\",\"dateModified\":\"2025-02-04T14:04:49+00:00\",\"breadcrumb\":{\"@id\":\"https:\/\/youronlinehypnosis.com\/pl\/nadruk\/#breadcrumb\"},\"inLanguage\":\"pl-PL\",\"potentialAction\":[{\"@type\":\"ReadAction\",\"target\":[\"https:\/\/youronlinehypnosis.com\/pl\/nadruk\/\"]}]},{\"@type\":\"BreadcrumbList\",\"@id\":\"https:\/\/youronlinehypnosis.com\/pl\/nadruk\/#breadcrumb\",\"itemListElement\":[{\"@type\":\"ListItem\",\"position\":1,\"name\":\"Startseite\",\"item\":\"https:\/\/youronlinehypnosis.com\/pl\/strona-glowna\/\"},{\"@type\":\"ListItem\",\"position\":2,\"name\":\"Nadruk\"}]},{\"@type\":\"WebSite\",\"@id\":\"https:\/\/youronlinehypnosis.com\/pl\/#website\",\"url\":\"https:\/\/youronlinehypnosis.com\/pl\/\",\"name\":\"www.youronlinehypnosis.com\",\"description\":\"Mit Hypnose zu Ihrem Ziel\",\"potentialAction\":[{\"@type\":\"SearchAction\",\"target\":{\"@type\":\"EntryPoint\",\"urlTemplate\":\"https:\/\/youronlinehypnosis.com\/pl\/?s={search_term_string}\"},\"query-input\":{\"@type\":\"PropertyValueSpecification\",\"valueRequired\":true,\"valueName\":\"search_term_string\"}}],\"inLanguage\":\"pl-PL\"}]}<\/script>\n<!-- \/ Yoast SEO plugin. -->","yoast_head_json":{"title":"Nadruk - www.youronlinehypnosis.com","robots":{"index":"index","follow":"follow","max-snippet":"max-snippet:-1","max-image-preview":"max-image-preview:large","max-video-preview":"max-video-preview:-1"},"canonical":"https:\/\/youronlinehypnosis.com\/pl\/nadruk\/","og_locale":"pl_PL","og_type":"article","og_title":"Nadruk - www.youronlinehypnosis.com","og_description":"[vc_row][vc_column][vc_column_text css=&#8221;&#8221;] IMPRINT Ewelina Dubiak Wersja 1.0 Status: Stycze\u0144 2025 r. Szczeg\u00f3\u0142y dotycz\u0105ce operatora strony Twoje Hipnozy Online reprezentowana przez Ewelin\u0119 Dubiak Wendenstrasse 39 38100 Braunschweig [\u2026]","og_url":"https:\/\/youronlinehypnosis.com\/pl\/nadruk\/","og_site_name":"www.youronlinehypnosis.com","article_modified_time":"2025-02-04T14:04:49+00:00","twitter_card":"summary_large_image","twitter_misc":{"Est. reading time":"1 minuta"},"schema":{"@context":"https:\/\/schema.org","@graph":[{"@type":"WebPage","@id":"https:\/\/youronlinehypnosis.com\/pl\/nadruk\/","url":"https:\/\/youronlinehypnosis.com\/pl\/nadruk\/","name":"Nadruk - www.youronlinehypnosis.com","isPartOf":{"@id":"https:\/\/youronlinehypnosis.com\/pl\/#website"},"datePublished":"2025-01-13T11:00:08+00:00","dateModified":"2025-02-04T14:04:49+00:00","breadcrumb":{"@id":"https:\/\/youronlinehypnosis.com\/pl\/nadruk\/#breadcrumb"},"inLanguage":"pl-PL","potentialAction":[{"@type":"ReadAction","target":["https:\/\/youronlinehypnosis.com\/pl\/nadruk\/"]}]},{"@type":"BreadcrumbList","@id":"https:\/\/youronlinehypnosis.com\/pl\/nadruk\/#breadcrumb","itemListElement":[{"@type":"ListItem","position":1,"name":"Startseite","item":"https:\/\/youronlinehypnosis.com\/pl\/strona-glowna\/"},{"@type":"ListItem","position":2,"name":"Nadruk"}]},{"@type":"WebSite","@id":"https:\/\/youronlinehypnosis.com\/pl\/#website","url":"https:\/\/youronlinehypnosis.com\/pl\/","name":"www.youronlinehypnosis.com","description":"Mit Hypnose zu Ihrem Ziel","potentialAction":[{"@type":"SearchAction","target":{"@type":"EntryPoint","urlTemplate":"https:\/\/youronlinehypnosis.com\/pl\/?s={search_term_string}"},"query-input":{"@type":"PropertyValueSpecification","valueRequired":true,"valueName":"search_term_string"}}],"inLanguage":"pl-PL"}]}},"_links":{"self":[{"href":"https:\/\/youronlinehypnosis.com\/pl\/wp-json\/wp\/v2\/pages\/215","targetHints":{"allow":["GET"]}}],"collection":[{"href":"https:\/\/youronlinehypnosis.com\/pl\/wp-json\/wp\/v2\/pages"}],"about":[{"href":"https:\/\/youronlinehypnosis.com\/pl\/wp-json\/wp\/v2\/types\/page"}],"author":[{"embeddable":true,"href":"https:\/\/youronlinehypnosis.com\/pl\/wp-json\/wp\/v2\/users\/2"}],"replies":[{"embeddable":true,"href":"https:\/\/youronlinehypnosis.com\/pl\/wp-json\/wp\/v2\/comments?post=215"}],"version-history":[{"count":9,"href":"https:\/\/youronlinehypnosis.com\/pl\/wp-json\/wp\/v2\/pages\/215\/revisions"}],"predecessor-version":[{"id":384,"href":"https:\/\/youronlinehypnosis.com\/pl\/wp-json\/wp\/v2\/pages\/215\/revisions\/384"}],"wp:attachment":[{"href":"https:\/\/youronlinehypnosis.com\/pl\/wp-json\/wp\/v2\/media?parent=215"}],"curies":[{"name":"wp","href":"https:\/\/api.w.org\/{rel}","templated":true}]}}