{"id":214,"date":"2025-01-13T17:11:22","date_gmt":"2025-01-13T17:11:22","guid":{"rendered":"https:\/\/youronlinehypnosis.com\/hipnoza-redukujaca-wage\/"},"modified":"2025-01-14T08:57:53","modified_gmt":"2025-01-14T08:57:53","slug":"hipnoza-redukujaca-wage","status":"publish","type":"page","link":"https:\/\/youronlinehypnosis.com\/pl\/hipnoza-redukujaca-wage\/","title":{"rendered":"Hipnoza redukuj\u0105ca wag\u0119"},"content":{"rendered":"<div class=\"wpb-content-wrapper\"><p>[vc_row full_width=&#8221;stretch_row&#8221; css=&#8221;.vc_custom_1736783099722{padding-top: 30px !important;padding-bottom: 30px !important;background-image: url(https:\/\/youronlinehypnosis.com\/wp-content\/uploads\/2025\/01\/HG1.jpg?id=102) !important;background-position: center !important;background-repeat: no-repeat !important;background-size: cover !important;}&#8221;][vc_column][vc_separator color=&#8221;custom&#8221; border_width=&#8221;2&#8243; el_width=&#8221;30&#8243; css=&#8221;&#8221; accent_color=&#8221;#CCB4CC&#8221;][vc_column_text css=&#8221;&#8221;]<\/p>\n<h1 style=\"text-align: center;\"><span style=\"color: #ffffff;\">Gewicht reduzieren<\/span><\/h1>\n<p>[\/vc_column_text][vc_separator color=&#8221;custom&#8221; border_width=&#8221;2&#8243; el_width=&#8221;30&#8243; css=&#8221;&#8221; accent_color=&#8221;#CCB4CC&#8221;][\/vc_column][\/vc_row][vc_row full_width=&#8221;stretch_row&#8221; gap=&#8221;30&#8243; css=&#8221;.vc_custom_1736781740139{padding-top: 50px !important;padding-bottom: 50px !important;background-color: #FFFAFA !important;}&#8221;][vc_column width=&#8221;1\/3&#8243;][vc_separator color=&#8221;custom&#8221; align=&#8221;align_left&#8221; border_width=&#8221;2&#8243; el_width=&#8221;50&#8243; css=&#8221;&#8221; accent_color=&#8221;#CCB4CC&#8221;][vc_column_text css=&#8221;&#8221;]<\/p>\n<h2>Ihre Situation<\/h2>\n<h5>Kommen Ihnen diese Herausforderungen bekannt vor?<\/h5>\n<p>[\/vc_column_text][\/vc_column][vc_column width=&#8221;2\/3&#8243;][vc_column_text css=&#8221;&#8221;]\u2717 Du m\u00f6chtest mit \u00fcberm\u00e4\u00dfigen Essen aufh\u00f6ren, aber es gelingt dir nicht?<\/p>\n<p>\u2717 Du m\u00f6chtest endlich weniger ungesundes Essen zu dir nehmen, aber f\u00e4llst immer wieder in alte Muster?<\/p>\n<p>\u2717 Du f\u00fchlst dich in deinem K\u00f6rper unwohl, ungl\u00fccklich und unbeweglich?<\/p>\n<p>\u2717 Du sp\u00fcrst schon lange negative Auswirkungen in deinem K\u00f6rper wie chronische Schmerzen, Atemnot und Gelenkbeschwerden?<\/p>\n<p>\u2717 Du nimmst dir vor, endlich besser zu essen und dich mehr zu bewegen, aber irgendwie gelingt es dir nie?[\/vc_column_text][\/vc_column][\/vc_row][vc_row gap=&#8221;30&#8243; content_placement=&#8221;middle&#8221; css=&#8221;.vc_custom_1736781925273{padding-top: 50px !important;padding-bottom: 50px !important;}&#8221;][vc_column width=&#8221;1\/2&#8243;][vc_single_image image=&#8221;59&#8243; img_size=&#8221;full&#8221; alignment=&#8221;center&#8221; css=&#8221;&#8221;][\/vc_column][vc_column width=&#8221;1\/2&#8243;][vc_column_text css=&#8221;&#8221;]<\/p>\n<h2>Mit Hypnose Ver\u00e4nderung bewirken<\/h2>\n<h5>Wage den ersten Schritt durch Hypnose in einen ges\u00fcnderen und leichteren Alltag<\/h5>\n<p>[\/vc_column_text][vc_separator color=&#8221;custom&#8221; align=&#8221;align_left&#8221; border_width=&#8221;2&#8243; el_width=&#8221;50&#8243; css=&#8221;&#8221; accent_color=&#8221;#CCB4CC&#8221;][vc_column_text css=&#8221;&#8221;]Mit Hilfe von Hypnose kannst du:<\/p>\n<p>\u2713 negative Denkweisen erkennen und aufl\u00f6sen<\/p>\n<p>\u2713 negative Verhaltensmuster entschl\u00fcsseln und \u00e4ndern<\/p>\n<p>\u2713 neue, bewusste und st\u00e4rkende Verhaltensmuster etablieren<\/p>\n<p>\u2713 Ziele erreichen mit mehr Leichtigkeit und Konsequenz[\/vc_column_text][\/vc_column][\/vc_row][vc_row full_width=&#8221;stretch_row&#8221; css=&#8221;.vc_custom_1736781963340{padding-top: 50px !important;padding-bottom: 50px !important;background-color: #CCB4CC !important;}&#8221;][vc_column][vc_column_text css=&#8221;&#8221;]<\/p>\n<h2 style=\"text-align: center;\">Mein Angebot f\u00fcr Dich<\/h2>\n<h5 style=\"text-align: center;\">individuell abgestimmte Hypnose<\/h5>\n<p>[\/vc_column_text][vc_row_inner][vc_column_inner width=&#8221;1\/4&#8243;][\/vc_column_inner][vc_column_inner width=&#8221;1\/2&#8243; css=&#8221;.vc_custom_1736782036588{background-color: #FFFFFF !important;border-radius: 5px !important;}&#8221;][vc_column_text css=&#8221;&#8221;]<\/p>\n<div class=\"wpb_text_column wpb_content_element\">\n<div class=\"wpb_wrapper\">\n<h3 style=\"text-align: center;\">Gewicht reduzieren<\/h3>\n<h5 style=\"text-align: center;\">Leichter leben<\/h5>\n<\/div>\n<\/div>\n<p>[\/vc_column_text][vc_separator color=&#8221;custom&#8221; border_width=&#8221;2&#8243; el_width=&#8221;50&#8243; css=&#8221;&#8221; accent_color=&#8221;#CCB4CC&#8221;][vc_column_text css=&#8221;&#8221;]<\/p>\n<div class=\"wpb_text_column wpb_content_element\">\n<div class=\"wpb_wrapper\">\n<p style=\"text-align: center;\"><em>Das ist im Paket enthalten<\/em><\/p>\n<p style=\"text-align: center;\">\u2713 Erstanalyse, 60 Min, (Wert 49,99\u20ac)<br \/>\n\u2713 5 x 60 Min Hypnose Sessions<br \/>\n\u2713 eine Session pro Woche<\/p>\n<\/div>\n<\/div>\n<div class=\"wpb_text_column wpb_content_element\">\n<div class=\"wpb_wrapper\" style=\"text-align: center;\"><\/div>\n<\/div>\n<p>[\/vc_column_text][vc_column_text css=&#8221;&#8221;]<\/p>\n<h3 style=\"text-align: center;\"><span style=\"color: #ccb4cc;\">\u2013<\/span> 449,00\u20ac<span style=\"color: #ccb4cc;\"> \u2013<\/span><\/h3>\n<p>[\/vc_column_text][vc_btn title=&#8221;Jetzt anfragen&#8221; style=&#8221;gradient-custom&#8221; gradient_custom_color_1=&#8221;#5D4A66&#8243; gradient_custom_color_2=&#8221;#8D718C&#8221; shape=&#8221;round&#8221; align=&#8221;center&#8221; css=&#8221;&#8221; link=&#8221;url:https%3A%2F%2Fyouronlinehypnosis.com%2F%23kontakt&#8221;][\/vc_column_inner][vc_column_inner width=&#8221;1\/4&#8243;][\/vc_column_inner][\/vc_row_inner][\/vc_column][\/vc_row][vc_row gap=&#8221;30&#8243; content_placement=&#8221;middle&#8221; css=&#8221;.vc_custom_1736781925273{padding-top: 50px !important;padding-bottom: 50px !important;}&#8221;][vc_column width=&#8221;1\/2&#8243;][vc_single_image image=&#8221;58&#8243; img_size=&#8221;full&#8221; alignment=&#8221;center&#8221; css=&#8221;&#8221;][\/vc_column][vc_column width=&#8221;1\/2&#8243;][vc_column_text css=&#8221;&#8221;]<\/p>\n<h2>Hallo, ich bin Ewelina Dubiak<\/h2>\n<h5>Ihre Hypnotiseurin<\/h5>\n<p>[\/vc_column_text][vc_separator color=&#8221;custom&#8221; align=&#8221;align_left&#8221; border_width=&#8221;2&#8243; el_width=&#8221;50&#8243; css=&#8221;&#8221; accent_color=&#8221;#CCB4CC&#8221;][vc_column_text css=&#8221;&#8221;]Ich hei\u00dfe Ewelina Dubiak bin Hypnose Coach. Hypnose ist ein wirksames Werkzeug, um tief verwurzelte Denk und Verhaltens Muster in Unterbewusstsein zu erkennen und zu ver\u00e4ndern. Es unterst\u00fctzt sie dabei, Ihre Ziele leichter, schneller und nachhaltiger zu erreichen auf sanfte aber effektive Weise. Es ist ein Schl\u00fcssel zu gl\u00fccklichem und erf\u00fcllteren Leben.[\/vc_column_text][vc_btn title=&#8221;Mehr \u00fcber Mich&#8221; style=&#8221;gradient-custom&#8221; gradient_custom_color_1=&#8221;#5D4A66&#8243; gradient_custom_color_2=&#8221;#8D718C&#8221; shape=&#8221;round&#8221; align=&#8221;left&#8221; css=&#8221;&#8221; link=&#8221;url:https%3A%2F%2Fyouronlinehypnosis.com%2Fueber-mich%2F|title:%C3%9Cber%20Mich&#8221;][\/vc_column][\/vc_row][vc_row full_width=&#8221;stretch_row&#8221; css=&#8221;.vc_custom_1736782345202{padding-top: 50px !important;padding-bottom: 50px !important;background-color: #FFFBFB !important;}&#8221;][vc_column width=&#8221;1\/3&#8243;][vc_column_text css=&#8221;&#8221;]<\/p>\n<h2>Ablauf<\/h2>\n<h5>So l\u00e4uft die Hypnosebehandlung f\u00fcr Sie ab<\/h5>\n<p>[\/vc_column_text][vc_separator color=&#8221;custom&#8221; align=&#8221;align_left&#8221; border_width=&#8221;2&#8243; el_width=&#8221;50&#8243; css=&#8221;&#8221; accent_color=&#8221;#CCB4CC&#8221;][vc_column_text css=&#8221;&#8221;]Finde hier heraus, wie die Zusammenarbeit mit mir abl\u00e4uft. Hast du Fragen? Melde dich gern![\/vc_column_text][\/vc_column][vc_column width=&#8221;2\/3&#8243;][vc_row_inner][vc_column_inner width=&#8221;1\/4&#8243;][vc_column_text css=&#8221;.vc_custom_1736782411948{padding-top: 30px !important;padding-bottom: 30px !important;background-color: #FFFFFF !important;}&#8221;]<\/p>\n<h2 style=\"text-align: center;\">1.<\/h2>\n<p>[\/vc_column_text][\/vc_column_inner][vc_column_inner width=&#8221;3\/4&#8243;][vc_column_text css=&#8221;&#8221;]<\/p>\n<h3>Kennenlernen<\/h3>\n<p>In einem Gespr\u00e4ch lernen wir uns kennen und du kannst mir dein Anliegen und deine Ziele schildern. Gemeinsam w\u00e4hlen wir aus, welche meiner Leistungen zu dir passt und du kannst sie verbindlich buchen.[\/vc_column_text][\/vc_column_inner][\/vc_row_inner][vc_row_inner][vc_column_inner width=&#8221;1\/4&#8243;][vc_column_text css=&#8221;.vc_custom_1736782425215{padding-top: 30px !important;padding-bottom: 30px !important;background-color: #FFFFFF !important;}&#8221;]<\/p>\n<h2 style=\"text-align: center;\">2.<\/h2>\n<p>[\/vc_column_text][\/vc_column_inner][vc_column_inner width=&#8221;3\/4&#8243;][vc_column_text css=&#8221;&#8221;]<\/p>\n<h3>Erstanalyse<\/h3>\n<p>Gemeinsam definieren wir deine spezifischen Herausforderungen und legen Ziele fest. Aus den Erkenntnissen der Erstanalyse erstelle ich individuell passende Suggestionstexte und Vorbereitung f\u00fcr deine gebuchten Hypnosesessions. Diese Analyse ist kostenpflichtig, weil bereits individuelle Leistungen erbracht werden. Sie dient uns als Basis der Zusammenarbeit \u2013 auch bei Einzelhypnosesessions.[\/vc_column_text][\/vc_column_inner][\/vc_row_inner][vc_row_inner][vc_column_inner width=&#8221;1\/4&#8243;][vc_column_text css=&#8221;.vc_custom_1736782429932{padding-top: 30px !important;padding-bottom: 30px !important;background-color: #FFFFFF !important;}&#8221;]<\/p>\n<h2 style=\"text-align: center;\">3.<\/h2>\n<p>[\/vc_column_text][\/vc_column_inner][vc_column_inner width=&#8221;3\/4&#8243;][vc_column_text css=&#8221;&#8221;]<\/p>\n<h3>Hypnosesessions<\/h3>\n<p>Abh\u00e4ngig vom gebuchten Hypnosethema starten wir in deine Hypnosesessions. Ich f\u00fchre dich in Hypnose und l\u00f6se mit dir tiefliegenden negativen Verhaltensmuster auf. Dabei unterst\u00fctzen uns die individuell f\u00fcr dich erstellen Suggestionstexte.[\/vc_column_text][\/vc_column_inner][\/vc_row_inner][vc_row_inner][vc_column_inner width=&#8221;1\/4&#8243;][vc_column_text css=&#8221;.vc_custom_1736788049116{padding-top: 30px !important;padding-bottom: 30px !important;background-color: #FFFFFF !important;}&#8221;]<\/p>\n<h2 style=\"text-align: center;\">4.<\/h2>\n<p>[\/vc_column_text][\/vc_column_inner][vc_column_inner width=&#8221;3\/4&#8243;][vc_column_text css=&#8221;&#8221;]<\/p>\n<h3>Langfristige Zusammenarbeit<\/h3>\n<p>Auch nach einer Hypnosebehandlung begleite ich dich gern in Form von Coachings oder weiteren Hypnose-Sessions zu anderen Themenfeldern, die du gern l\u00f6sen m\u00f6chtest.[\/vc_column_text][\/vc_column_inner][\/vc_row_inner][\/vc_column][\/vc_row][vc_row full_width=&#8221;stretch_row&#8221; css=&#8221;.vc_custom_1736781963340{padding-top: 50px !important;padding-bottom: 50px !important;background-color: #CCB4CC !important;}&#8221;][vc_column][vc_column_text css=&#8221;&#8221;]<\/p>\n<h2 style=\"text-align: center;\">H\u00e4ufig gestellte Fragen<\/h2>\n<h5 style=\"text-align: center;\">individuell abgestimmte Hypnose<\/h5>\n<p>[\/vc_column_text][vc_row_inner gap=&#8221;30&#8243;][vc_column_inner width=&#8221;1\/2&#8243;][vc_toggle title=&#8221;Was ist Hypnose \u00fcberhaupt?&#8221; css=&#8221;&#8221;]Hypnose ist ein Entspannungszustand, in dem das Bewusstsein fokussierter und aufnahmef\u00e4higer ist.[\/vc_toggle][vc_toggle title=&#8221;Kann ich in Hypnose die Kontrolle verlieren?&#8221; css=&#8221;&#8221;]Nein, du beh\u00e4ltst immer die Kontrolle. Niemand kann dich gegen deinen Willen zu etwas zwingen oder manipulieren.[\/vc_toggle][vc_toggle title=&#8221;Wie f\u00fchlt sich Hypnose an?&#8221; css=&#8221;&#8221;]Viele beschreiben es als tiefen, angenehmen Entspannungszustand.[\/vc_toggle][vc_toggle title=&#8221;Was ist, wenn ich mich nicht entspannen kann?&#8221; css=&#8221;&#8221;]Ich f\u00fchre dich Schritt f\u00fcr Schritt in die Entspannung. Jeder Mensch kann in den meisten F\u00e4llen zumindest einen leichten hypnotischen Zustand erreichen.[\/vc_toggle][\/vc_column_inner][vc_column_inner width=&#8221;1\/2&#8243;][vc_toggle title=&#8221;Was, wenn ich w\u00e4hrend der Hypnose einschlafe?&#8221; css=&#8221;&#8221;]Auch wenn du kurz eingenickt sein solltest, nimmt dein Unterbewusstsein die Suggestionen weiterhin auf. In den meisten F\u00e4llen wirst du aber wach bleiben.[\/vc_toggle][vc_toggle title=&#8221;Bin ich nach der Sitzung sofort wieder \u201enormal\u201c?&#8221; css=&#8221;&#8221;]Nach der Hypnose kehrst du wieder in den Wachzustand zur\u00fcck, f\u00fchlst dich meistens erfrischt oder erholt. Viele empfinden ein positives Gef\u00fchl der Ruhe und Klarheit.[\/vc_toggle][vc_toggle title=&#8221;Kann Hypnose medizinische Behandlungen ersetzen?&#8221; css=&#8221;&#8221;]Nein, Hypnose ist keine medizinische Therapie und ersetzt keinen Arztbesuch. Bei k\u00f6rperlichen oder psychischen Beschwerden wende dich bitte an einen Facharzt oder Therapeuten.[\/vc_toggle][\/vc_column_inner][\/vc_row_inner][\/vc_column][\/vc_row]<\/p>\n<\/div>","protected":false},"excerpt":{"rendered":"<p>[vc_row full_width=&#8221;stretch_row&#8221; css=&#8221;.vc_custom_1736783099722{padding-top: 30px !important;padding-bottom: 30px !important;background-image: url(https:\/\/youronlinehypnosis.com\/wp-content\/uploads\/2025\/01\/HG1.jpg?id=102) !important;background-position: center !important;background-repeat: no-repeat !important;background-size: cover !important;}&#8221;][vc_column][vc_separator color=&#8221;custom&#8221; border_width=&#8221;2&#8243; el_width=&#8221;30&#8243; css=&#8221;&#8221; accent_color=&#8221;#CCB4CC&#8221;][vc_column_text css=&#8221;&#8221;] Gewicht reduzieren [\/vc_column_text][vc_separator color=&#8221;custom&#8221; border_width=&#8221;2&#8243;<span class=\"excerpt-hellip\"> [\u2026]<\/span><\/p>\n","protected":false},"author":2,"featured_media":0,"parent":0,"menu_order":0,"comment_status":"closed","ping_status":"closed","template":"","meta":{"footnotes":""},"class_list":["post-214","page","type-page","status-publish","hentry"],"yoast_head":"<!-- This site is optimized with the Yoast SEO plugin v25.7 - https:\/\/yoast.com\/wordpress\/plugins\/seo\/ -->\n<title>Hipnoza redukuj\u0105ca wag\u0119 - www.youronlinehypnosis.com<\/title>\n<meta name=\"robots\" content=\"index, follow, max-snippet:-1, max-image-preview:large, max-video-preview:-1\" \/>\n<link rel=\"canonical\" href=\"https:\/\/youronlinehypnosis.com\/pl\/hipnoza-redukujaca-wage\/\" \/>\n<meta property=\"og:locale\" content=\"pl_PL\" \/>\n<meta property=\"og:type\" content=\"article\" \/>\n<meta property=\"og:title\" content=\"Hipnoza redukuj\u0105ca wag\u0119 - www.youronlinehypnosis.com\" \/>\n<meta property=\"og:description\" content=\"[vc_row full_width=&#8221;stretch_row&#8221; css=&#8221;.vc_custom_1736783099722{padding-top: 30px !important;padding-bottom: 30px !important;background-image: url(https:\/\/youronlinehypnosis.com\/wp-content\/uploads\/2025\/01\/HG1.jpg?id=102) !important;background-position: center !important;background-repeat: no-repeat !important;background-size: cover !important;}&#8221;][vc_column][vc_separator color=&#8221;custom&#8221; border_width=&#8221;2&#8243; el_width=&#8221;30&#8243; css=&#8221;&#8221; accent_color=&#8221;#CCB4CC&#8221;][vc_column_text css=&#8221;&#8221;] Gewicht reduzieren [\/vc_column_text][vc_separator color=&#8221;custom&#8221; border_width=&#8221;2&#8243; [\u2026]\" \/>\n<meta property=\"og:url\" content=\"https:\/\/youronlinehypnosis.com\/pl\/hipnoza-redukujaca-wage\/\" \/>\n<meta property=\"og:site_name\" content=\"www.youronlinehypnosis.com\" \/>\n<meta property=\"article:modified_time\" content=\"2025-01-14T08:57:53+00:00\" \/>\n<meta name=\"twitter:card\" content=\"summary_large_image\" \/>\n<meta name=\"twitter:label1\" content=\"Est. reading time\" \/>\n\t<meta name=\"twitter:data1\" content=\"7 minut\" \/>\n<script type=\"application\/ld+json\" class=\"yoast-schema-graph\">{\"@context\":\"https:\/\/schema.org\",\"@graph\":[{\"@type\":\"WebPage\",\"@id\":\"https:\/\/youronlinehypnosis.com\/pl\/hipnoza-redukujaca-wage\/\",\"url\":\"https:\/\/youronlinehypnosis.com\/pl\/hipnoza-redukujaca-wage\/\",\"name\":\"Hipnoza redukuj\u0105ca wag\u0119 - www.youronlinehypnosis.com\",\"isPartOf\":{\"@id\":\"https:\/\/youronlinehypnosis.com\/pl\/#website\"},\"datePublished\":\"2025-01-13T17:11:22+00:00\",\"dateModified\":\"2025-01-14T08:57:53+00:00\",\"breadcrumb\":{\"@id\":\"https:\/\/youronlinehypnosis.com\/pl\/hipnoza-redukujaca-wage\/#breadcrumb\"},\"inLanguage\":\"pl-PL\",\"potentialAction\":[{\"@type\":\"ReadAction\",\"target\":[\"https:\/\/youronlinehypnosis.com\/pl\/hipnoza-redukujaca-wage\/\"]}]},{\"@type\":\"BreadcrumbList\",\"@id\":\"https:\/\/youronlinehypnosis.com\/pl\/hipnoza-redukujaca-wage\/#breadcrumb\",\"itemListElement\":[{\"@type\":\"ListItem\",\"position\":1,\"name\":\"Startseite\",\"item\":\"https:\/\/youronlinehypnosis.com\/pl\/strona-glowna\/\"},{\"@type\":\"ListItem\",\"position\":2,\"name\":\"Hipnoza redukuj\u0105ca wag\u0119\"}]},{\"@type\":\"WebSite\",\"@id\":\"https:\/\/youronlinehypnosis.com\/pl\/#website\",\"url\":\"https:\/\/youronlinehypnosis.com\/pl\/\",\"name\":\"www.youronlinehypnosis.com\",\"description\":\"Mit Hypnose zu Ihrem Ziel\",\"potentialAction\":[{\"@type\":\"SearchAction\",\"target\":{\"@type\":\"EntryPoint\",\"urlTemplate\":\"https:\/\/youronlinehypnosis.com\/pl\/?s={search_term_string}\"},\"query-input\":{\"@type\":\"PropertyValueSpecification\",\"valueRequired\":true,\"valueName\":\"search_term_string\"}}],\"inLanguage\":\"pl-PL\"}]}<\/script>\n<!-- \/ Yoast SEO plugin. -->","yoast_head_json":{"title":"Hipnoza redukuj\u0105ca wag\u0119 - www.youronlinehypnosis.com","robots":{"index":"index","follow":"follow","max-snippet":"max-snippet:-1","max-image-preview":"max-image-preview:large","max-video-preview":"max-video-preview:-1"},"canonical":"https:\/\/youronlinehypnosis.com\/pl\/hipnoza-redukujaca-wage\/","og_locale":"pl_PL","og_type":"article","og_title":"Hipnoza redukuj\u0105ca wag\u0119 - www.youronlinehypnosis.com","og_description":"[vc_row full_width=&#8221;stretch_row&#8221; css=&#8221;.vc_custom_1736783099722{padding-top: 30px !important;padding-bottom: 30px !important;background-image: url(https:\/\/youronlinehypnosis.com\/wp-content\/uploads\/2025\/01\/HG1.jpg?id=102) !important;background-position: center !important;background-repeat: no-repeat !important;background-size: cover !important;}&#8221;][vc_column][vc_separator color=&#8221;custom&#8221; border_width=&#8221;2&#8243; el_width=&#8221;30&#8243; css=&#8221;&#8221; accent_color=&#8221;#CCB4CC&#8221;][vc_column_text css=&#8221;&#8221;] Gewicht reduzieren [\/vc_column_text][vc_separator color=&#8221;custom&#8221; border_width=&#8221;2&#8243; [\u2026]","og_url":"https:\/\/youronlinehypnosis.com\/pl\/hipnoza-redukujaca-wage\/","og_site_name":"www.youronlinehypnosis.com","article_modified_time":"2025-01-14T08:57:53+00:00","twitter_card":"summary_large_image","twitter_misc":{"Est. reading time":"7 minut"},"schema":{"@context":"https:\/\/schema.org","@graph":[{"@type":"WebPage","@id":"https:\/\/youronlinehypnosis.com\/pl\/hipnoza-redukujaca-wage\/","url":"https:\/\/youronlinehypnosis.com\/pl\/hipnoza-redukujaca-wage\/","name":"Hipnoza redukuj\u0105ca wag\u0119 - www.youronlinehypnosis.com","isPartOf":{"@id":"https:\/\/youronlinehypnosis.com\/pl\/#website"},"datePublished":"2025-01-13T17:11:22+00:00","dateModified":"2025-01-14T08:57:53+00:00","breadcrumb":{"@id":"https:\/\/youronlinehypnosis.com\/pl\/hipnoza-redukujaca-wage\/#breadcrumb"},"inLanguage":"pl-PL","potentialAction":[{"@type":"ReadAction","target":["https:\/\/youronlinehypnosis.com\/pl\/hipnoza-redukujaca-wage\/"]}]},{"@type":"BreadcrumbList","@id":"https:\/\/youronlinehypnosis.com\/pl\/hipnoza-redukujaca-wage\/#breadcrumb","itemListElement":[{"@type":"ListItem","position":1,"name":"Startseite","item":"https:\/\/youronlinehypnosis.com\/pl\/strona-glowna\/"},{"@type":"ListItem","position":2,"name":"Hipnoza redukuj\u0105ca wag\u0119"}]},{"@type":"WebSite","@id":"https:\/\/youronlinehypnosis.com\/pl\/#website","url":"https:\/\/youronlinehypnosis.com\/pl\/","name":"www.youronlinehypnosis.com","description":"Mit Hypnose zu Ihrem Ziel","potentialAction":[{"@type":"SearchAction","target":{"@type":"EntryPoint","urlTemplate":"https:\/\/youronlinehypnosis.com\/pl\/?s={search_term_string}"},"query-input":{"@type":"PropertyValueSpecification","valueRequired":true,"valueName":"search_term_string"}}],"inLanguage":"pl-PL"}]}},"_links":{"self":[{"href":"https:\/\/youronlinehypnosis.com\/pl\/wp-json\/wp\/v2\/pages\/214","targetHints":{"allow":["GET"]}}],"collection":[{"href":"https:\/\/youronlinehypnosis.com\/pl\/wp-json\/wp\/v2\/pages"}],"about":[{"href":"https:\/\/youronlinehypnosis.com\/pl\/wp-json\/wp\/v2\/types\/page"}],"author":[{"embeddable":true,"href":"https:\/\/youronlinehypnosis.com\/pl\/wp-json\/wp\/v2\/users\/2"}],"replies":[{"embeddable":true,"href":"https:\/\/youronlinehypnosis.com\/pl\/wp-json\/wp\/v2\/comments?post=214"}],"version-history":[{"count":1,"href":"https:\/\/youronlinehypnosis.com\/pl\/wp-json\/wp\/v2\/pages\/214\/revisions"}],"predecessor-version":[{"id":217,"href":"https:\/\/youronlinehypnosis.com\/pl\/wp-json\/wp\/v2\/pages\/214\/revisions\/217"}],"wp:attachment":[{"href":"https:\/\/youronlinehypnosis.com\/pl\/wp-json\/wp\/v2\/media?parent=214"}],"curies":[{"name":"wp","href":"https:\/\/api.w.org\/{rel}","templated":true}]}}